{"id":1282,"date":"2021-01-11T20:46:47","date_gmt":"2021-01-11T20:46:47","guid":{"rendered":"http:\/\/kunterpunkt.de\/?page_id=1282"},"modified":"2021-01-12T08:57:47","modified_gmt":"2021-01-12T08:57:47","slug":"mein-frauchen-und-ich","status":"publish","type":"page","link":"https:\/\/kunterpunkt.de\/?page_id=1282","title":{"rendered":"Mein Frauchen und ich"},"content":{"rendered":"\n<div class=\"is-layout-flex wp-container-3 wp-block-columns has-2-columns\">\n<div class=\"is-layout-flow wp-block-column\">\n<p>Ich glaube ich habe ziemlich viel Gl\u00fcck mit meinem Frauchen. Sie hat zwar eine ganze Weile gebraucht, bis sie die wichtigsten Dinge verstanden hat, aber mittlerweile klappt das schon ganz gut mit uns beiden. Ok, sie hat sehr lange nicht kapiert, welches Futter mir schmeckt. Aber ich habe wirklich versucht, sie dabei bestm\u00f6glich zu unterst\u00fctzen und die Sachen, die ich nicht mag, wieder ausgespuckt. Deutlicher kann man das doch gar nicht zeigen, oder? Dass ich Trockenfutter, das gr\u00f6\u00dfer als 2 mm ist, nicht essen kann, ist doch wohl sonnenklar, oder? Jetzt klopft sie es mit dem Hammer immer sch\u00f6n zu kleinen Br\u00f6seln. Manchmal sieht sie dabei ein wenig genervt aus. Aber ich glaube, das liegt daran, dass das H\u00e4mmern so laut ist und sie Angst hat, dass die Nachbarn das st\u00f6rt, besonders sonntags.<\/p>\n<\/div>\n\n\n\n<div class=\"is-layout-flow wp-block-column\">\n<p>Damit ich gut schlafen kann, baut Frauchen mir immer Kuschelnester aus meinen Decken. Das ist sehr lieb von ihr. Ich lege mich auch immer ganz brav rein, weil ich wei\u00df, dass sie sich dann ganz doll freut. Aber wenn sie mal nicht hinsieht, baue ich die Nester so um, dass sie RICHTIG bequem sind. Aber das soll nicht merken, ich will sie ja nicht verletzen.<br><br>Allerdings muss mein Frauchen noch so einiges lernen. Wenn wir kuscheln zum Beispiel, streichelt sie mich immer nur mit EINER Hand und tippt mit der anderen auf ihrem Handy oder ihrem Laptop herum. Ich stupse sie dann jedes Mal an, um ihr klar zu machen, dass sie mich bitte mit BEIDEN H\u00e4nden streicheln soll &#8211; wozu hat sie denn zwei davon? Und au\u00dferdem ist Multitasking total ungesund!<\/p>\n<\/div>\n<\/div>\n\n\n\n<p style=\"background-color:#caecf0;text-align:center\" class=\"has-background\"><strong>UND IMMER WIEDER GIBT ES SITUATIONEN, <\/strong><br><strong>IN DENEN MEIN FRAUCHEN EINFACH NICHT VERSTEHT, WAS ICH IHR SAGEN WILL \u2026<\/strong><\/p>\n\n\n\n<div class=\"wp-block-image\"><figure class=\"aligncenter\"><a href=\"https:\/\/kunterpunkt.de\/wp-content\/uploads\/2020\/12\/ivie2020_09.jpg\" target=\"_blank\" rel=\"noreferrer noopener\"><img decoding=\"async\" loading=\"lazy\" width=\"600\" height=\"600\" src=\"http:\/\/kunterpunkt.de\/wp-content\/uploads\/2021\/01\/baden.png\" alt=\"Ivie steht vor der Badewanne und sieht verzweifelt aus.\" class=\"wp-image-1287\" srcset=\"https:\/\/kunterpunkt.de\/wp-content\/uploads\/2021\/01\/baden.png 600w, https:\/\/kunterpunkt.de\/wp-content\/uploads\/2021\/01\/baden-150x150.png 150w, https:\/\/kunterpunkt.de\/wp-content\/uploads\/2021\/01\/baden-300x300.png 300w, https:\/\/kunterpunkt.de\/wp-content\/uploads\/2021\/01\/baden-75x75.png 75w\" sizes=\"(max-width: 600px) 100vw, 600px\" \/><\/a><\/figure><\/div>\n\n\n\n<p style=\"background-color:#caecf0;text-align:center\" class=\"has-text-color has-background has-very-dark-gray-color\"> Nein, liebes Frauchen, wir m\u00fcssen heute <strong>NICHT BADEN<\/strong>! <br>Heute ist nicht Sonntag. Der war erst letzte Woche!  <\/p>\n\n\n\n<hr class=\"wp-block-separator\"\/>\n\n\n\n<div class=\"wp-block-image\"><figure class=\"aligncenter\"><a href=\"https:\/\/kunterpunkt.de\/wp-content\/uploads\/2020\/12\/ivie2020_09.jpg\" target=\"_blank\" rel=\"noreferrer noopener\"><img decoding=\"async\" loading=\"lazy\" width=\"600\" height=\"702\" src=\"http:\/\/kunterpunkt.de\/wp-content\/uploads\/2021\/01\/regengassi.jpg\" alt=\"Ivie steht klitschnass vom Regen auf dem Sofa\" class=\"wp-image-1312\" srcset=\"https:\/\/kunterpunkt.de\/wp-content\/uploads\/2021\/01\/regengassi.jpg 600w, https:\/\/kunterpunkt.de\/wp-content\/uploads\/2021\/01\/regengassi-256x300.jpg 256w\" sizes=\"(max-width: 600px) 100vw, 600px\" \/><\/a><\/figure><\/div>\n\n\n\n<p style=\"background-color:#caecf0;text-align:center\" class=\"has-text-color has-background has-very-dark-gray-color\">Liebes Frauchen, wenn du nochmal eine Stunde <strong>BEI REGEN<\/strong> mit mir Gassi gehst,<br>sehe ich mich gezwungen, den Tierschutz zu informieren!<\/p>\n\n\n\n<hr class=\"wp-block-separator\"\/>\n\n\n\n<div class=\"wp-block-image\"><figure class=\"aligncenter\"><a href=\"https:\/\/kunterpunkt.de\/wp-content\/uploads\/2020\/12\/ivie2020_09.jpg\" target=\"_blank\" rel=\"noreferrer noopener\"><img decoding=\"async\" loading=\"lazy\" width=\"600\" height=\"669\" src=\"http:\/\/kunterpunkt.de\/wp-content\/uploads\/2021\/01\/schinken.jpg\" alt=\"Ivie liegt auf dem Sofa mit einer leeren Packung Schinken vor sich\" class=\"wp-image-1313\" srcset=\"https:\/\/kunterpunkt.de\/wp-content\/uploads\/2021\/01\/schinken.jpg 600w, https:\/\/kunterpunkt.de\/wp-content\/uploads\/2021\/01\/schinken-269x300.jpg 269w\" sizes=\"(max-width: 600px) 100vw, 600px\" \/><\/a><\/figure><\/div>\n\n\n\n<p style=\"background-color:#caecf0;text-align:center\" class=\"has-text-color has-background has-very-dark-gray-color\">Liebes Frauchen, wir hatten doch vereinbart,<br>dass ich <strong>IMMER <\/strong>die letzte Scheibe Schinken in der Packung bekomme. Wo is sie denn nun?<\/p>\n\n\n\n<hr class=\"wp-block-separator\"\/>\n\n\n\n<div class=\"wp-block-image\"><figure class=\"aligncenter\"><a href=\"https:\/\/kunterpunkt.de\/wp-content\/uploads\/2020\/12\/ivie2020_09.jpg\" target=\"_blank\" rel=\"noreferrer noopener\"><img decoding=\"async\" loading=\"lazy\" width=\"600\" height=\"800\" src=\"http:\/\/kunterpunkt.de\/wp-content\/uploads\/2021\/01\/jagen.jpg\" alt=\"Ivie beim Gassi mit unschuldigem Blick\" class=\"wp-image-1310\" srcset=\"https:\/\/kunterpunkt.de\/wp-content\/uploads\/2021\/01\/jagen.jpg 600w, https:\/\/kunterpunkt.de\/wp-content\/uploads\/2021\/01\/jagen-225x300.jpg 225w\" sizes=\"(max-width: 600px) 100vw, 600px\" \/><\/a><\/figure><\/div>\n\n\n\n<p style=\"background-color:#caecf0;text-align:center\" class=\"has-text-color has-background has-very-dark-gray-color\">Liebes Frauchen, vertrau mir:<br>Ich jage das Eichh\u00f6rnchen nur <strong>EINE RUNDE <\/strong>um den Park, dann komme ich wieder &#8211; versprochen!<\/p>\n\n\n\n<hr class=\"wp-block-separator\"\/>\n\n\n\n<div class=\"wp-block-image\"><figure class=\"aligncenter\"><a href=\"https:\/\/kunterpunkt.de\/wp-content\/uploads\/2020\/12\/ivie2020_09.jpg\" target=\"_blank\" rel=\"noreferrer noopener\"><img decoding=\"async\" loading=\"lazy\" width=\"600\" height=\"705\" src=\"http:\/\/kunterpunkt.de\/wp-content\/uploads\/2021\/01\/nass.jpg\" alt=\"Ivie ist nach dem Baden nass und zerzaust\" class=\"wp-image-1311\" srcset=\"https:\/\/kunterpunkt.de\/wp-content\/uploads\/2021\/01\/nass.jpg 600w, https:\/\/kunterpunkt.de\/wp-content\/uploads\/2021\/01\/nass-255x300.jpg 255w\" sizes=\"(max-width: 600px) 100vw, 600px\" \/><\/a><\/figure><\/div>\n\n\n\n<p style=\"background-color:#caecf0;text-align:center\" class=\"has-text-color has-background has-very-dark-gray-color\">Liebes Frauchen, w\u00fcrdest du <strong>SO<\/strong> aus dem Haus gehen?<br>Einmal F\u00f6hnen und ordentlich frisieren bitte!<\/p>\n\n\n\n<hr class=\"wp-block-separator\"\/>\n\n\n\n<div class=\"wp-block-image\"><figure class=\"aligncenter\"><a href=\"https:\/\/kunterpunkt.de\/wp-content\/uploads\/2020\/12\/ivie2020_09.jpg\" target=\"_blank\" rel=\"noreferrer noopener\"><img decoding=\"async\" loading=\"lazy\" width=\"600\" height=\"650\" src=\"http:\/\/kunterpunkt.de\/wp-content\/uploads\/2021\/01\/gassi.jpg\" alt=\"Ivie liegt m\u00fcde auf dem Sofa\" class=\"wp-image-1309\" srcset=\"https:\/\/kunterpunkt.de\/wp-content\/uploads\/2021\/01\/gassi.jpg 600w, https:\/\/kunterpunkt.de\/wp-content\/uploads\/2021\/01\/gassi-277x300.jpg 277w\" sizes=\"(max-width: 600px) 100vw, 600px\" \/><\/a><\/figure><\/div>\n\n\n\n<p style=\"background-color:#caecf0;text-align:center\" class=\"has-text-color has-background has-very-dark-gray-color\">Frauchen, musst du schon wieder Gassi?<br>Kannst du nicht <strong>EINMAL <\/strong>alleine gehen?<\/p>\n\n\n\n<hr class=\"wp-block-separator\"\/>\n\n\n\n<div class=\"wp-block-button aligncenter\"><a class=\"wp-block-button__link has-text-color has-background\" href=\"https:\/\/kunterpunkt.de\/?page_id=479\" style=\"background-color:#7d1751;color:#ffffff\">Zur\u00fcck zur \u00dcbersicht<\/a><\/div>\n","protected":false},"excerpt":{"rendered":"<p>Ich glaube ich habe ziemlich viel Gl\u00fcck mit meinem Frauchen. Sie hat zwar eine ganze Weile gebraucht, bis sie die wichtigsten Dinge verstanden hat, aber mittlerweile klappt das schon ganz gut mit uns beiden. Ok, sie hat sehr lange nicht kapiert, welches Futter mir schmeckt. Aber ich habe wirklich versucht, sie dabei bestm\u00f6glich zu unterst\u00fctzen und die Sachen, die ich nicht mag, wieder ausgespuckt. Deutlicher kann man das doch gar nicht zeigen, oder? Dass ich Trockenfutter, das gr\u00f6\u00dfer als 2 mm ist, nicht essen kann, ist doch wohl sonnenklar, oder? Jetzt klopft sie es mit dem Hammer immer sch\u00f6n zu kleinen Br\u00f6seln. Manchmal sieht sie dabei ein wenig genervt aus. Aber ich glaube, das liegt daran, dass das H\u00e4mmern so laut ist und sie Angst hat, dass die Nachbarn das st\u00f6rt, besonders sonntags. Damit ich gut schlafen kann, baut Frauchen mir immer Kuschelnester aus meinen Decken. Das ist sehr lieb von ihr. Ich lege mich auch immer ganz brav rein, weil ich wei\u00df, dass sie sich dann ganz doll freut. Aber wenn sie mal nicht hinsieht, baue ich die Nester so um, dass sie RICHTIG bequem sind. Aber das soll nicht merken, ich will sie ja nicht verletzen. Allerdings muss mein Frauchen noch so einiges lernen. Wenn wir kuscheln zum Beispiel, streichelt sie mich immer nur mit EINER Hand und tippt mit der anderen auf ihrem Handy oder ihrem Laptop herum. Ich stupse sie dann jedes Mal an, um ihr klar zu machen, dass sie mich bitte mit BEIDEN H\u00e4nden streicheln soll &#8211; wozu hat sie denn zwei davon? Und au\u00dferdem ist Multitasking total ungesund! UND IMMER WIEDER GIBT ES SITUATIONEN, IN DENEN MEIN FRAUCHEN EINFACH NICHT VERSTEHT, WAS ICH IHR SAGEN WILL \u2026 Nein, liebes Frauchen, wir m\u00fcssen heute NICHT BADEN! Heute ist nicht Sonntag. Der war erst letzte Woche! Liebes Frauchen, wenn du nochmal eine Stunde BEI REGEN mit mir Gassi gehst,sehe ich mich gezwungen, den Tierschutz zu informieren! Liebes Frauchen, wir hatten doch vereinbart,dass ich IMMER die letzte Scheibe Schinken in der Packung bekomme. Wo is sie denn nun? Liebes Frauchen, vertrau mir:Ich jage das Eichh\u00f6rnchen nur EINE RUNDE um den Park, dann komme ich wieder &#8211; versprochen! Liebes Frauchen, w\u00fcrdest du SO aus dem Haus gehen?Einmal F\u00f6hnen und ordentlich frisieren bitte! Frauchen, musst du schon wieder Gassi?Kannst du nicht EINMAL alleine gehen?<\/p>\n","protected":false},"author":1,"featured_media":1447,"parent":0,"menu_order":0,"comment_status":"closed","ping_status":"closed","template":"","meta":[],"_links":{"self":[{"href":"https:\/\/kunterpunkt.de\/index.php?rest_route=\/wp\/v2\/pages\/1282"}],"collection":[{"href":"https:\/\/kunterpunkt.de\/index.php?rest_route=\/wp\/v2\/pages"}],"about":[{"href":"https:\/\/kunterpunkt.de\/index.php?rest_route=\/wp\/v2\/types\/page"}],"author":[{"embeddable":true,"href":"https:\/\/kunterpunkt.de\/index.php?rest_route=\/wp\/v2\/users\/1"}],"replies":[{"embeddable":true,"href":"https:\/\/kunterpunkt.de\/index.php?rest_route=%2Fwp%2Fv2%2Fcomments&post=1282"}],"version-history":[{"count":50,"href":"https:\/\/kunterpunkt.de\/index.php?rest_route=\/wp\/v2\/pages\/1282\/revisions"}],"predecessor-version":[{"id":1472,"href":"https:\/\/kunterpunkt.de\/index.php?rest_route=\/wp\/v2\/pages\/1282\/revisions\/1472"}],"wp:featuredmedia":[{"embeddable":true,"href":"https:\/\/kunterpunkt.de\/index.php?rest_route=\/wp\/v2\/media\/1447"}],"wp:attachment":[{"href":"https:\/\/kunterpunkt.de\/index.php?rest_route=%2Fwp%2Fv2%2Fmedia&parent=1282"}],"curies":[{"name":"wp","href":"https:\/\/api.w.org\/{rel}","templated":true}]}}