{"id":1323,"date":"2021-01-11T19:51:16","date_gmt":"2021-01-11T19:51:16","guid":{"rendered":"http:\/\/kunterpunkt.de\/?page_id=1323"},"modified":"2021-06-20T15:17:55","modified_gmt":"2021-06-20T15:17:55","slug":"frei-schnauze-2","status":"publish","type":"page","link":"https:\/\/kunterpunkt.de\/?page_id=1323","title":{"rendered":"PERSPEKTIVENWECHSEL"},"content":{"rendered":"\n<p style=\"background-color:#caecf0;text-align:center\" class=\"has-background\">Lachen erlaubt.<br>\u00c4hnlichkeiten mit real lebenden Personen und Hunden sind nicht zuf\u00e4llig sondern v\u00f6llig beabsichtigt.<\/p>\n\n\n\n<hr class=\"wp-block-separator\"\/>\n\n\n\n<p style=\"text-align:center\" class=\"has-medium-font-size\">UNTERWEGS<\/p>\n\n\n\n<div class=\"wp-block-image\"><figure class=\"aligncenter\"><img decoding=\"async\" loading=\"lazy\" width=\"850\" height=\"1420\" src=\"https:\/\/kunterpunkt.de\/wp-content\/uploads\/2021\/01\/cartoon_gassi_jagen-1.png\" alt=\"Witziger Cartoon, der zeigt, dass Ivie beim Gassi die F\u00e4den in der Hand hat.\" class=\"wp-image-1443\" srcset=\"https:\/\/kunterpunkt.de\/wp-content\/uploads\/2021\/01\/cartoon_gassi_jagen-1.png 850w, https:\/\/kunterpunkt.de\/wp-content\/uploads\/2021\/01\/cartoon_gassi_jagen-1-180x300.png 180w, https:\/\/kunterpunkt.de\/wp-content\/uploads\/2021\/01\/cartoon_gassi_jagen-1-768x1283.png 768w, https:\/\/kunterpunkt.de\/wp-content\/uploads\/2021\/01\/cartoon_gassi_jagen-1-613x1024.png 613w\" sizes=\"(max-width: 850px) 100vw, 850px\" \/><\/figure><\/div>\n\n\n\n<hr class=\"wp-block-separator\"\/>\n\n\n\n<p style=\"text-align:center\" class=\"has-medium-font-size\">KUSCHELZEIT<\/p>\n\n\n\n<div class=\"wp-block-image\"><figure class=\"aligncenter\"><img decoding=\"async\" loading=\"lazy\" width=\"850\" height=\"440\" src=\"https:\/\/kunterpunkt.de\/wp-content\/uploads\/2021\/06\/cartoon_pipi-1.jpg\" alt=\"Kuschelzeit\" class=\"wp-image-1487\" srcset=\"https:\/\/kunterpunkt.de\/wp-content\/uploads\/2021\/06\/cartoon_pipi-1.jpg 850w, https:\/\/kunterpunkt.de\/wp-content\/uploads\/2021\/06\/cartoon_pipi-1-300x155.jpg 300w, https:\/\/kunterpunkt.de\/wp-content\/uploads\/2021\/06\/cartoon_pipi-1-768x398.jpg 768w\" sizes=\"(max-width: 850px) 100vw, 850px\" \/><\/figure><\/div>\n\n\n\n<hr class=\"wp-block-separator\"\/>\n\n\n\n<p style=\"text-align:center\" class=\"has-medium-font-size\">HOMEOFFICE<\/p>\n\n\n\n<div class=\"wp-block-image\"><figure class=\"aligncenter\"><img decoding=\"async\" loading=\"lazy\" width=\"850\" height=\"2860\" src=\"https:\/\/kunterpunkt.de\/wp-content\/uploads\/2021\/06\/cartoon_langeweile.jpg\" alt=\"Homeoffice\" class=\"wp-image-1490\" srcset=\"https:\/\/kunterpunkt.de\/wp-content\/uploads\/2021\/06\/cartoon_langeweile.jpg 850w, https:\/\/kunterpunkt.de\/wp-content\/uploads\/2021\/06\/cartoon_langeweile-89x300.jpg 89w, https:\/\/kunterpunkt.de\/wp-content\/uploads\/2021\/06\/cartoon_langeweile-768x2584.jpg 768w, https:\/\/kunterpunkt.de\/wp-content\/uploads\/2021\/06\/cartoon_langeweile-304x1024.jpg 304w\" sizes=\"(max-width: 850px) 100vw, 850px\" \/><\/figure><\/div>\n\n\n\n<hr class=\"wp-block-separator\"\/>\n\n\n\n<div class=\"wp-block-button aligncenter\"><a class=\"wp-block-button__link has-text-color has-background\" href=\"https:\/\/kunterpunkt.de\/?page_id=479\" style=\"background-color:#7d1751;color:#ffffff\">Zur\u00fcck zur \u00dcbersicht<\/a><\/div>\n","protected":false},"excerpt":{"rendered":"<p>Lachen erlaubt.\u00c4hnlichkeiten mit real lebenden Personen und Hunden sind nicht zuf\u00e4llig sondern v\u00f6llig beabsichtigt. UNTERWEGS KUSCHELZEIT HOMEOFFICE<\/p>\n","protected":false},"author":1,"featured_media":1459,"parent":0,"menu_order":0,"comment_status":"closed","ping_status":"closed","template":"","meta":[],"_links":{"self":[{"href":"https:\/\/kunterpunkt.de\/index.php?rest_route=\/wp\/v2\/pages\/1323"}],"collection":[{"href":"https:\/\/kunterpunkt.de\/index.php?rest_route=\/wp\/v2\/pages"}],"about":[{"href":"https:\/\/kunterpunkt.de\/index.php?rest_route=\/wp\/v2\/types\/page"}],"author":[{"embeddable":true,"href":"https:\/\/kunterpunkt.de\/index.php?rest_route=\/wp\/v2\/users\/1"}],"replies":[{"embeddable":true,"href":"https:\/\/kunterpunkt.de\/index.php?rest_route=%2Fwp%2Fv2%2Fcomments&post=1323"}],"version-history":[{"count":50,"href":"https:\/\/kunterpunkt.de\/index.php?rest_route=\/wp\/v2\/pages\/1323\/revisions"}],"predecessor-version":[{"id":1491,"href":"https:\/\/kunterpunkt.de\/index.php?rest_route=\/wp\/v2\/pages\/1323\/revisions\/1491"}],"wp:featuredmedia":[{"embeddable":true,"href":"https:\/\/kunterpunkt.de\/index.php?rest_route=\/wp\/v2\/media\/1459"}],"wp:attachment":[{"href":"https:\/\/kunterpunkt.de\/index.php?rest_route=%2Fwp%2Fv2%2Fmedia&parent=1323"}],"curies":[{"name":"wp","href":"https:\/\/api.w.org\/{rel}","templated":true}]}}