{"id":43,"date":"2019-08-18T09:22:04","date_gmt":"2019-08-18T09:22:04","guid":{"rendered":"http:\/\/kunterpunkt.de\/?page_id=43"},"modified":"2020-12-30T20:10:08","modified_gmt":"2020-12-30T20:10:08","slug":"impressum","status":"publish","type":"page","link":"https:\/\/kunterpunkt.de\/?page_id=43","title":{"rendered":"Impressum"},"content":{"rendered":"\n<p><strong>Angaben gem\u00e4\u00df \u00a7 5 TMG:<\/strong><\/p>\n\n\n\n<div class=\"is-layout-flex wp-container-3 wp-block-columns has-2-columns\">\n<div class=\"is-layout-flow wp-block-column\">\n<p>Cordula Schwab <br>&#8222;kunterpunkt&#8220;<br>Oskar-Schindler-Str. 82<br>86157 Augsburg<\/p>\n<\/div>\n\n\n\n<div class=\"is-layout-flow wp-block-column\">\n<p><strong> Kontakt:<\/strong><br> E-Mail:  info[at]kunterpunkt.de   <\/p>\n<\/div>\n<\/div>\n\n\n\n<p><strong>Haftungsausschluss (Disclaimer)<\/strong><\/p>\n\n\n\n<div class=\"is-layout-flex wp-container-6 wp-block-columns has-2-columns\">\n<div class=\"is-layout-flow wp-block-column\">\n<p> <strong>Haftung f\u00fcr Inhalte<\/strong><br>Als    Diensteanbieter bin ich gem\u00e4\u00df \u00a7 7 Abs.1 TMG f\u00fcr eigene Inhalte auf    diesen Seiten nach den allgemeinen Gesetzen verantwortlich. Nach \u00a7\u00a7 8    bis 10 TMG bin ich als Diensteanbieter jedoch nicht verpflichtet,    \u00fcbermittelte oder gespeicherte fremde Informationen zu \u00fcberwachen oder    nach Umst\u00e4nden zu forschen, die auf eine rechtswidrige T\u00e4tigkeit    hinweisen. Verpflichtungen zur Entfernung oder Sperrung der Nutzung von    Informationen nach den allgemeinen Gesetzen bleiben hiervon unber\u00fchrt.    Eine diesbez\u00fcgliche Haftung ist jedoch erst ab dem Zeitpunkt der    Kenntnis einer konkreten Rechtsverletzung m\u00f6glich. Bei Bekanntwerden von    entsprechenden Rechtsverletzungen werden wir diese Inhalte umgehend    entfernen.   <\/p>\n<\/div>\n\n\n\n<div class=\"is-layout-flow wp-block-column\">\n<p><strong>Haftung f\u00fcr Links<br><\/strong>Mein\n   Angebot  enth\u00e4lt Links zu externen Webseiten Dritter, auf deren  \nInhalte  ich  keinen Einfluss habe. Deshalb kann ich f\u00fcr diese fremden  \nInhalte  auch  keine Gew\u00e4hr \u00fcbernehmen. F\u00fcr die Inhalte der verlinkten  \nSeiten ist  stets  der jeweilige Anbieter oder Betreiber der Seiten  \nverantwortlich.  Die  verlinkten Seiten wurden zum Zeitpunkt der  \nVerlinkung auf m\u00f6gliche   Rechtsverst\u00f6\u00dfe \u00fcberpr\u00fcft. Rechtswidrige  \nInhalte waren zum Zeitpunkt  der  Verlinkung nicht erkennbar. Eine  \npermanente inhaltliche Kontrolle  der  verlinkten Seiten ist jedoch ohne\n  konkrete Anhaltspunkte einer   Rechtsverletzung nicht zumutbar. Bei  \nBekanntwerden von   Rechtsverletzungen werde ich derartige Links  \numgehend entfernen.     \n\n<\/p>\n<\/div>\n<\/div>\n\n\n\n<p><strong>Urheberrecht<\/strong><\/p>\n\n\n\n<div class=\"is-layout-flex wp-container-9 wp-block-columns has-2-columns\">\n<div class=\"is-layout-flow wp-block-column\">\n<p>\nDie  durch die Seitenbetreiber (Cordula Schwab) erstellten Inhalte und \nWerke  auf diesen Seiten unterliegen dem deutschen Urheberrecht. Die  \nVervielf\u00e4ltigung, Bearbeitung, Verbreitung und jede Art der Verwertung  \nau\u00dferhalb der Grenzen des Urheberrechtes bed\u00fcrfen meiner schriftlichen  \nZustimmung. Downloads und Kopien dieser Seite sind nur f\u00fcr den privaten,\n  nicht kommerziellen Gebrauch gestattet. \n\n<\/p>\n<\/div>\n\n\n\n<div class=\"is-layout-flow wp-block-column\">\n<p>\nSoweit die Inhalte auf dieser  Seite nicht von mir erstellt wurden, \nwerden die Urheberrechte Dritter  beachtet. Insbesondere werden Inhalte \nDritter als solche gekennzeichnet.  Sollten Sie trotzdem auf eine \nUrheberrechtsverletzung aufmerksam  werden, bitte ich um einen \nentsprechenden Hinweis. Bei Bekanntwerden von  Rechtsverletzungen werde \nich derartige Inhalte umgehend entfernen.\n\n<\/p>\n<\/div>\n<\/div>\n\n\n\n<p>Quelle: <em>http:\/\/www.e-recht24.de<\/em><\/p>\n\n\n\n<h4 style=\"text-align:center\">BILDNACHWEIS<\/h4>\n\n\n\n<ul class=\"is-layout-flex wp-block-gallery-10 wp-block-gallery columns-2 is-cropped\"><li class=\"blocks-gallery-item\"><figure><img decoding=\"async\" loading=\"lazy\" width=\"410\" height=\"293\" src=\"http:\/\/kunterpunkt.de\/wp-content\/uploads\/2020\/12\/Fotolia_189910054_XS.jpg\" alt=\"\" data-id=\"871\" data-link=\"http:\/\/kunterpunkt.de\/?attachment_id=871\" class=\"wp-image-871\" srcset=\"https:\/\/kunterpunkt.de\/wp-content\/uploads\/2020\/12\/Fotolia_189910054_XS.jpg 410w, https:\/\/kunterpunkt.de\/wp-content\/uploads\/2020\/12\/Fotolia_189910054_XS-300x214.jpg 300w\" sizes=\"(max-width: 410px) 100vw, 410px\" \/><figcaption> \u00a9 JAKKAPAN  JABJAINAI &#8211; Fotolia.com  <\/figcaption><\/figure><\/li><li class=\"blocks-gallery-item\"><figure><img decoding=\"async\" loading=\"lazy\" width=\"849\" height=\"566\" src=\"http:\/\/kunterpunkt.de\/wp-content\/uploads\/2020\/12\/Fotolia_61459239_S.jpg\" alt=\"\" data-id=\"870\" data-link=\"http:\/\/kunterpunkt.de\/?attachment_id=870\" class=\"wp-image-870\" srcset=\"https:\/\/kunterpunkt.de\/wp-content\/uploads\/2020\/12\/Fotolia_61459239_S.jpg 849w, https:\/\/kunterpunkt.de\/wp-content\/uploads\/2020\/12\/Fotolia_61459239_S-300x200.jpg 300w, https:\/\/kunterpunkt.de\/wp-content\/uploads\/2020\/12\/Fotolia_61459239_S-768x512.jpg 768w\" sizes=\"(max-width: 849px) 100vw, 849px\" \/><figcaption> \u00a9 BrAt82 &#8211; Fotolia.com <\/figcaption><\/figure><\/li><\/ul>\n\n\n\n<h4 style=\"text-align:center\">SCHRIFTNACHWEIS<\/h4>\n\n\n\n<p style=\"text-align:center\"><strong>Cardenio Modern<\/strong> von <a href=\"https:\/\/www.dafont.com\/de\/nils-cordes.d5094\">Nils Cordes<\/a><a rel=\"noreferrer noopener\" href=\"http:\/\/nilscordes.com\" target=\"_blank\">&nbsp;<\/a><\/p>\n\n\n\n<h4 style=\"text-align:center\">AUDIONACHWEIS<\/h4>\n\n\n\n<p style=\"text-align:center\"><strong>Emotional Piano:<\/strong> Urheber: raspberrymusic \/ 123RF Standard-Bild<\/p>\n","protected":false},"excerpt":{"rendered":"<p>Angaben gem\u00e4\u00df \u00a7 5 TMG: Cordula Schwab &#8222;kunterpunkt&#8220;Oskar-Schindler-Str. 8286157 Augsburg Kontakt: E-Mail: info[at]kunterpunkt.de Haftungsausschluss (Disclaimer) Haftung f\u00fcr InhalteAls Diensteanbieter bin ich gem\u00e4\u00df \u00a7 7 Abs.1 TMG f\u00fcr eigene Inhalte auf diesen Seiten nach den allgemeinen Gesetzen verantwortlich. Nach \u00a7\u00a7 8 bis 10 TMG bin ich als Diensteanbieter jedoch nicht verpflichtet, \u00fcbermittelte oder gespeicherte fremde Informationen zu \u00fcberwachen oder nach Umst\u00e4nden zu forschen, die auf eine rechtswidrige T\u00e4tigkeit hinweisen. Verpflichtungen zur Entfernung oder Sperrung der Nutzung von Informationen nach den allgemeinen Gesetzen bleiben hiervon unber\u00fchrt. Eine diesbez\u00fcgliche Haftung ist jedoch erst ab dem Zeitpunkt der Kenntnis einer konkreten Rechtsverletzung m\u00f6glich. Bei Bekanntwerden von entsprechenden Rechtsverletzungen werden wir diese Inhalte umgehend entfernen. Haftung f\u00fcr LinksMein Angebot enth\u00e4lt Links zu externen Webseiten Dritter, auf deren Inhalte ich keinen Einfluss habe. Deshalb kann ich f\u00fcr diese fremden Inhalte auch keine Gew\u00e4hr \u00fcbernehmen. F\u00fcr die Inhalte der verlinkten Seiten ist stets der jeweilige Anbieter oder Betreiber der Seiten verantwortlich. Die verlinkten Seiten wurden zum Zeitpunkt der Verlinkung auf m\u00f6gliche Rechtsverst\u00f6\u00dfe \u00fcberpr\u00fcft. Rechtswidrige Inhalte waren zum Zeitpunkt der Verlinkung nicht erkennbar. Eine permanente inhaltliche Kontrolle der verlinkten Seiten ist jedoch ohne konkrete Anhaltspunkte einer Rechtsverletzung nicht zumutbar. Bei Bekanntwerden von Rechtsverletzungen werde ich derartige Links umgehend entfernen. Urheberrecht Die durch die Seitenbetreiber (Cordula Schwab) erstellten Inhalte und Werke auf diesen Seiten unterliegen dem deutschen Urheberrecht. Die Vervielf\u00e4ltigung, Bearbeitung, Verbreitung und jede Art der Verwertung au\u00dferhalb der Grenzen des Urheberrechtes bed\u00fcrfen meiner schriftlichen Zustimmung. Downloads und Kopien dieser Seite sind nur f\u00fcr den privaten, nicht kommerziellen Gebrauch gestattet. Soweit die Inhalte auf dieser Seite nicht von mir erstellt wurden, werden die Urheberrechte Dritter beachtet. Insbesondere werden Inhalte Dritter als solche gekennzeichnet. Sollten Sie trotzdem auf eine Urheberrechtsverletzung aufmerksam werden, bitte ich um einen entsprechenden Hinweis. Bei Bekanntwerden von Rechtsverletzungen werde ich derartige Inhalte umgehend entfernen. Quelle: http:\/\/www.e-recht24.de BILDNACHWEIS SCHRIFTNACHWEIS Cardenio Modern von Nils Cordes&nbsp; AUDIONACHWEIS Emotional Piano: Urheber: raspberrymusic \/ 123RF Standard-Bild<\/p>\n","protected":false},"author":1,"featured_media":0,"parent":0,"menu_order":0,"comment_status":"closed","ping_status":"closed","template":"","meta":[],"_links":{"self":[{"href":"https:\/\/kunterpunkt.de\/index.php?rest_route=\/wp\/v2\/pages\/43"}],"collection":[{"href":"https:\/\/kunterpunkt.de\/index.php?rest_route=\/wp\/v2\/pages"}],"about":[{"href":"https:\/\/kunterpunkt.de\/index.php?rest_route=\/wp\/v2\/types\/page"}],"author":[{"embeddable":true,"href":"https:\/\/kunterpunkt.de\/index.php?rest_route=\/wp\/v2\/users\/1"}],"replies":[{"embeddable":true,"href":"https:\/\/kunterpunkt.de\/index.php?rest_route=%2Fwp%2Fv2%2Fcomments&post=43"}],"version-history":[{"count":20,"href":"https:\/\/kunterpunkt.de\/index.php?rest_route=\/wp\/v2\/pages\/43\/revisions"}],"predecessor-version":[{"id":1121,"href":"https:\/\/kunterpunkt.de\/index.php?rest_route=\/wp\/v2\/pages\/43\/revisions\/1121"}],"wp:attachment":[{"href":"https:\/\/kunterpunkt.de\/index.php?rest_route=%2Fwp%2Fv2%2Fmedia&parent=43"}],"curies":[{"name":"wp","href":"https:\/\/api.w.org\/{rel}","templated":true}]}}